{"id":14,"date":"2015-01-23T11:12:53","date_gmt":"2015-01-23T11:12:53","guid":{"rendered":"http:\/\/www.autismsrezekne.lv\/?page_id=14"},"modified":"2015-07-19T12:50:58","modified_gmt":"2015-07-19T10:50:58","slug":"projekti","status":"publish","type":"page","link":"https:\/\/www.autismapunktsrezekne.lv\/en\/projekti\/","title":{"rendered":"Projects"},"content":{"rendered":"<p><\/p>\n<p><p>&nbsp;<\/p>\n<ul>\n<li>The Association was participating in implementation of the ESF Project \u201eStrengthening of administrative capacity of the \u201eLatvian Autism Association\u201d\u201d during period from January 2012 to January 2013 as an official partner of the \u201eLatvian Autism Association\u201d ;<\/li>\n<\/ul>\n<p>&nbsp;<\/p>\n<ul>\n<li>As an official partner of the \u201eLatvian Autism Association\u201d the Association was participating in implementation of the Project \u201cSteps of a successful inclusion into society of a child, having ASD\u201d(\u201eB\u0113rna ar AST veiksm\u012bgas iek\u013cau\u0161anas so\u013ci sabiedr\u012bb\u0101\u201d) realization from June 2013 to October 2013;<\/li>\n<\/ul>\n<p>&nbsp;<\/p>\n<p>&nbsp;<\/p>\n<ul>\n<li>From 28<sup>th<\/sup> July 2014 to 1<sup>st<\/sup> August 2014 the Association was arranging a summer twenty-four-hours camp for children with special needs <strong>\u201eThe healing power of nature\u201d;<\/strong><\/li>\n<\/ul>\n<p>&nbsp;<\/p>\n<ul>\n<li>From 1<sup>st<\/sup> April 2014 to 30<sup>th<\/sup> September 2014 the Association was realizing the social support project \u201eThe healing power of nature\u201d for the means, donated by A\/S \u201eLatvijas valsts me\u017ei\u201d in 2014;<\/li>\n<\/ul>\n<p>&nbsp;<\/p>\n<p>&nbsp;<\/p>\n<ul>\n<li>During the period from 1<sup>st<\/sup> September 2014 to 31<sup>st<\/sup> October 2014 the Association was realizing the project <strong>\u201eVisit the autumnal Latgale\u201d<\/strong>;<\/li>\n<\/ul>\n<p><strong>\u00a0<\/strong><\/p>\n<ul>\n<li>On 28<sup>th<\/sup> March 2015 \u2013 there was arranged a project <strong>\u201eSpring feeling in nature\u201d<\/strong><\/li>\n<\/ul>\n<p><\/p>","protected":false},"excerpt":{"rendered":"<p>&nbsp; The Association was participating in implementation of the ESF Project \u201eStrengthening of administrative capacity of the \u201eLatvian Autism Association\u201d\u201d during period from January 2012 to January 2013 as an official partner of the \u201eLatvian Autism Association\u201d ; &nbsp; As an official partner of the \u201eLatvian Autism Association\u201d the Association was participating in implementation of [&hellip;]<\/p>\n","protected":false},"author":1,"featured_media":0,"parent":0,"menu_order":0,"comment_status":"closed","ping_status":"closed","template":"","meta":{"ngg_post_thumbnail":0,"_bbp_topic_count":0,"_bbp_reply_count":0,"_bbp_total_topic_count":0,"_bbp_total_reply_count":0,"_bbp_voice_count":0,"_bbp_anonymous_reply_count":0,"_bbp_topic_count_hidden":0,"_bbp_reply_count_hidden":0,"_bbp_forum_subforum_count":0},"_links":{"self":[{"href":"https:\/\/www.autismapunktsrezekne.lv\/en\/wp-json\/wp\/v2\/pages\/14"}],"collection":[{"href":"https:\/\/www.autismapunktsrezekne.lv\/en\/wp-json\/wp\/v2\/pages"}],"about":[{"href":"https:\/\/www.autismapunktsrezekne.lv\/en\/wp-json\/wp\/v2\/types\/page"}],"author":[{"embeddable":true,"href":"https:\/\/www.autismapunktsrezekne.lv\/en\/wp-json\/wp\/v2\/users\/1"}],"replies":[{"embeddable":true,"href":"https:\/\/www.autismapunktsrezekne.lv\/en\/wp-json\/wp\/v2\/comments?post=14"}],"version-history":[{"count":14,"href":"https:\/\/www.autismapunktsrezekne.lv\/en\/wp-json\/wp\/v2\/pages\/14\/revisions"}],"predecessor-version":[{"id":786,"href":"https:\/\/www.autismapunktsrezekne.lv\/en\/wp-json\/wp\/v2\/pages\/14\/revisions\/786"}],"wp:attachment":[{"href":"https:\/\/www.autismapunktsrezekne.lv\/en\/wp-json\/wp\/v2\/media?parent=14"}],"curies":[{"name":"wp","href":"https:\/\/api.w.org\/{rel}","templated":true}]}}