{"id":189,"date":"2015-04-09T13:25:27","date_gmt":"2015-04-09T11:25:27","guid":{"rendered":"http:\/\/aapr.ms-idi.eu\/?page_id=189"},"modified":"2019-08-08T11:16:13","modified_gmt":"2019-08-08T09:16:13","slug":"ziedotaji","status":"publish","type":"page","link":"https:\/\/www.autismapunktsrezekne.lv\/en\/ziedotaji\/","title":{"rendered":"For contributors"},"content":{"rendered":"<p>Dear Sir or Madam,<br \/>\nFrom its very beginnings, Society \u201cAutism Support Centre in R\u0113zekne\u201d did not organise conferences, seminars, or lectures, but performed real individual work with each child; all the funds at our disposal have been directed at inviting specialists and paying for their work to provide these children with quality individual sessions for FREE.<br \/>\nFrom October 2015 until May 2019, 98 children with special needs attended at least one session in our class, including children from R\u0113zekne, Ludza, Vi\u013c\u0101ni, K\u0101rsava, Prei\u013ci, Daugavpils and other regions, even from R\u012bga and Liep\u0101ja, and we would like to continue this work. The quality process of all the sessions, as well as the payment of all the taxes, requires EUR 1500.00 a month. Information about the Society is available here: http:\/\/www.autismsrezekne.lv<br \/>\nMoreover, appreciating the fact that in 3 years 22 families sent by our Society have already been to the St. Petersburg clinic, the clinic \u201cPrognozmed\u201d is ready to rent us BAC and TOMATIS devices for a very low price to perform the procedures here in R\u0113zekne, and as a result, many families will not have to travel to Russia anymore but will be able to undergo the procedures here in R\u0113zekne, after a consultation with the specialists from the clinic, of course.<br \/>\nWe have already sent our specialist to this clinic for training, and since December the BAC procedure is already available in R\u0113zekne. In cooperation with St. Petersburg clinic \u201cPrognozMed\u201d, the Society rents specialised equipment from the clinic to successfully perform BAC (Bioacoustic correction) for children here in R\u0113zekne, and as a result, many families do not have to travel to St. Petersburg more than necessary, thus saving their time and money. The monthly cost to rent the equipment is EUR 450.00.<\/p>\n<p>To continue this process, we need to send a specialist to the Russian clinic who will be specially trained to work with TOMATIS devices. The training lasts for 10 days; the total cost for 1 person is about EUR 2000.00 (including accommodation, transportation, and training).<br \/>\nWe do not want to make a business on the account of these children, which is why we are looking for supporters who will be able to help train specialists, so that they can provide these services for as low remuneration as possible here in Latvia at our Society \u201cAutism Support Centre in R\u0113zekne\u201d, instead of creating their own private practices. <\/p>\n<p>If you wish to support the work of our Society and the efforts to improve the lives of people with autistic spectrum disorder, you are kindly invited to support the Society with a donation! The Society has the status of a social benefit organisation, which means you are also entitled to tax discounts.<\/p>\n<p>A transfer can be made to the following bank account with the comment &#8220;ziedojums&#8221; (donation):<br \/>\nName:\tBiedr\u012bba \u201cAutisma atbalsta punkts R\u0113zekn\u0113\u201d<br \/>\nUnified registration No\t40008190588<br \/>\nRegistered address\tKr.Valdem\u0101ra iela 4-70, R\u0113zekne, LV-4601<br \/>\nBank details:<br \/>\nBank name\tAS SWEDBANK<br \/>\nBank SWIFT code\tHABALV22<br \/>\nProject account IBAN number\tLV09HABA0551034689577<br \/>\nBy helping others, you are helping yourself!<\/p>\n<p>&#8212;<br \/>\nKind regards,<br \/>\nSociety &#8220;Autism Support Centre in R\u0113zekne&#8221;<br \/>\nBoard member Edgars \u0160ilins<br \/>\nedavs@inbox.lv<br \/>\nPhone: 26184413<br \/>\nwww.autismsrezekne.lv<\/p>\n<p>&nbsp;<\/p>\n<p>&nbsp;<\/p>\n<p>&nbsp;<\/p>\n<p>&nbsp;<\/p>\n<div><b>Anastasija Burova, age 4, Rezekne<\/b><\/div>\n<p>&nbsp;<br \/>\n<a href=\"http:\/\/www.autismsrezekne.lv\/wp-content\/uploads\/2015\/04\/anastasija_burova.jpg\"><img loading=\"lazy\" src=\"http:\/\/www.autismsrezekne.lv\/wp-content\/uploads\/2015\/04\/anastasija_burova-225x300.jpg\" alt=\"anastasija_burova\" width=\"225\" height=\"300\" class=\"alignnone size-medium wp-image-41629\" srcset=\"https:\/\/www.autismapunktsrezekne.lv\/wp-content\/uploads\/2015\/04\/anastasija_burova-225x300.jpg 225w, https:\/\/www.autismapunktsrezekne.lv\/wp-content\/uploads\/2015\/04\/anastasija_burova.jpg 450w\" sizes=\"(max-width: 225px) 100vw, 225px\" \/><\/a><\/p>\n<div>The necessary sum: 2748.33 EUR<\/div>\n<div>Donated: 1680.00<\/div>\n<div>Donors: Prikule Laura, Svetlana Nesterova, Roberts \u0160v\u0101nbergs, Tauri\u0146\u0161 Aivars, Velta Za\u013c\u016bksne, Vladimirs Ivanovs, Silvija Kuzmina, Svetlana Musatova, Kaspars Purvlicis<\/div>\n<p>&nbsp;<\/p>\n<p>Anastasija is diagnosed with antenatal CNS damage. At the age of 2.5 the girl began to make her first steps. The movements were unstable and tense. At present, Anastasija still doesn&#8217;t speak, isn&#8217;t able to respond to simple requests, isn&#8217;t able to concentrate attention for a long time, has communication problems. All this time the girl has been in continuous rehabilitation, visited a speech therapist, had reittherapy, physiotherapy procedures and worked hard at home, but child&#8217;s development proceeded at a very slow pace. Finally, the doctors at the centre of neurology in St. Petersburg gave hope that Anastasija could recover, but to make it happen, she needs to undergo the course of procedures that requires considerable financial resources.<\/p>\n<p><\/p>","protected":false},"excerpt":{"rendered":"<p>Dear Sir or Madam, From its very beginnings, Society \u201cAutism Support Centre in R\u0113zekne\u201d did not organise conferences, seminars, or lectures, but performed real individual work with each child; all the funds at our disposal have been directed at inviting specialists and paying for their work to provide these children with quality individual sessions for [&hellip;]<\/p>\n","protected":false},"author":1,"featured_media":0,"parent":0,"menu_order":0,"comment_status":"closed","ping_status":"open","template":"","meta":{"ngg_post_thumbnail":0,"_bbp_topic_count":0,"_bbp_reply_count":0,"_bbp_total_topic_count":0,"_bbp_total_reply_count":0,"_bbp_voice_count":0,"_bbp_anonymous_reply_count":0,"_bbp_topic_count_hidden":0,"_bbp_reply_count_hidden":0,"_bbp_forum_subforum_count":0},"_links":{"self":[{"href":"https:\/\/www.autismapunktsrezekne.lv\/en\/wp-json\/wp\/v2\/pages\/189"}],"collection":[{"href":"https:\/\/www.autismapunktsrezekne.lv\/en\/wp-json\/wp\/v2\/pages"}],"about":[{"href":"https:\/\/www.autismapunktsrezekne.lv\/en\/wp-json\/wp\/v2\/types\/page"}],"author":[{"embeddable":true,"href":"https:\/\/www.autismapunktsrezekne.lv\/en\/wp-json\/wp\/v2\/users\/1"}],"replies":[{"embeddable":true,"href":"https:\/\/www.autismapunktsrezekne.lv\/en\/wp-json\/wp\/v2\/comments?post=189"}],"version-history":[{"count":205,"href":"https:\/\/www.autismapunktsrezekne.lv\/en\/wp-json\/wp\/v2\/pages\/189\/revisions"}],"predecessor-version":[{"id":72839,"href":"https:\/\/www.autismapunktsrezekne.lv\/en\/wp-json\/wp\/v2\/pages\/189\/revisions\/72839"}],"wp:attachment":[{"href":"https:\/\/www.autismapunktsrezekne.lv\/en\/wp-json\/wp\/v2\/media?parent=189"}],"curies":[{"name":"wp","href":"https:\/\/api.w.org\/{rel}","templated":true}]}}