{"id":14,"date":"2015-01-23T11:12:53","date_gmt":"2015-01-23T11:12:53","guid":{"rendered":"http:\/\/www.autismsrezekne.lv\/?page_id=14"},"modified":"2015-07-19T12:50:58","modified_gmt":"2015-07-19T10:50:58","slug":"projekti","status":"publish","type":"page","link":"https:\/\/www.autismapunktsrezekne.lv\/lv\/projekti\/","title":{"rendered":"Projekti"},"content":{"rendered":"<p><strong>\u00a0<\/strong><\/p>\n<p><strong>BIEDR\u012aBAS \u201eAUTISMA ATBALSTA PUNKTS R\u0112ZEKN\u0112\u201d REALIZ\u0112TIE PROJEKTI:<\/strong><\/p>\n<p><strong>\u00a0<\/strong><\/p>\n<p>&nbsp;<\/p>\n<ul>\n<li>Biedr\u012bba no 2012. gada janv\u0101ra- 2013. gada janv\u0101rim, k\u0101 ofici\u0101ls biedr\u012bbas \u201eLatvijas Autisma apvien\u012bba\u201d partneris, piedal\u012bj\u0101s ESF projekta \u201eBiedr\u012bbas Latvijas Autisma apvien\u012bba\u201d <strong>administrat\u012bv\u0101s kapacit\u0101tes stiprin\u0101\u0161ana\u201d realiz\u0101cij\u0101;<\/strong><\/li>\n<\/ul>\n<p>&nbsp;<\/p>\n<ul>\n<li>No 2013. gada j\u016bnija l\u012bdz oktobrim, k\u0101 ofici\u0101ls biedr\u012bbas \u201eLatvijas Autisma apvien\u012bba\u201d partneris, piedal\u012bj\u0101s projekta <strong>\u201eB\u0113rna ar AST veiksm\u012bgas iek\u013cau\u0161anas so\u013ci sabiedr\u012bb\u0101\u201d realiz\u0101cij\u0101;<\/strong><\/li>\n<\/ul>\n<p>&nbsp;<\/p>\n<p>&nbsp;<\/p>\n<ul>\n<li>No 2014. gada 28. j\u016blija l\u012bdz 2014. gada 1. augustam organiz\u0113ja \u201eB\u0113rnu ar \u012bpa\u0161\u0101m vajadz\u012bb\u0101m vasaras diennakts nometni <strong>\u201eDabas dziednieciskais sp\u0113ks\u201d;<\/strong><\/li>\n<\/ul>\n<p>&nbsp;<\/p>\n<ul>\n<li>S\u0101kot ar 2014. gada 1. apr\u012bli l\u012bdz 2014. gada 30. septembrim realiz\u0113ja soci\u0101l\u0101 atbalsta projektu <strong>\u201eDabas dziednieciskais sp\u0113ks\u201d<\/strong> par A\/S \u201eLatvijas valsts me\u017ei\u201d 2014. gada ziedojuma l\u012bdzek\u013ciem;<\/li>\n<\/ul>\n<p>&nbsp;<\/p>\n<p>&nbsp;<\/p>\n<ul>\n<li>No 2014. gada 1. septembra l\u012bdz 2014. gada 31. oktobrim realiz\u0113ja projektu <strong>\u201eApce\u013co ruden\u012bgo Latgali\u201d.<\/strong><\/li>\n<\/ul>\n<p><strong>\u00a0<\/strong><\/p>\n<ul>\n<li>2015.gada 28. mart\u0101 organiz\u0113tais projekts<strong> \u201ePavasara noska\u0146a dab\u0101\u201d.<\/strong><\/li>\n<\/ul>\n<p><strong>\u00a0<\/strong><\/p>\n<p><strong>\u00a0<\/strong><\/p>","protected":false},"excerpt":{"rendered":"<p>\u00a0 BIEDR\u012aBAS \u201eAUTISMA ATBALSTA PUNKTS R\u0112ZEKN\u0112\u201d REALIZ\u0112TIE PROJEKTI: \u00a0 &nbsp; Biedr\u012bba no 2012. gada janv\u0101ra- 2013. gada janv\u0101rim, k\u0101 ofici\u0101ls biedr\u012bbas \u201eLatvijas Autisma apvien\u012bba\u201d partneris, piedal\u012bj\u0101s ESF projekta \u201eBiedr\u012bbas Latvijas Autisma apvien\u012bba\u201d administrat\u012bv\u0101s kapacit\u0101tes stiprin\u0101\u0161ana\u201d realiz\u0101cij\u0101; &nbsp; No 2013. gada j\u016bnija l\u012bdz oktobrim, k\u0101 ofici\u0101ls biedr\u012bbas \u201eLatvijas Autisma apvien\u012bba\u201d partneris, piedal\u012bj\u0101s projekta \u201eB\u0113rna ar AST [&hellip;]<\/p>\n","protected":false},"author":1,"featured_media":0,"parent":0,"menu_order":0,"comment_status":"closed","ping_status":"closed","template":"","meta":{"ngg_post_thumbnail":0,"_bbp_topic_count":0,"_bbp_reply_count":0,"_bbp_total_topic_count":0,"_bbp_total_reply_count":0,"_bbp_voice_count":0,"_bbp_anonymous_reply_count":0,"_bbp_topic_count_hidden":0,"_bbp_reply_count_hidden":0,"_bbp_forum_subforum_count":0},"_links":{"self":[{"href":"https:\/\/www.autismapunktsrezekne.lv\/lv\/wp-json\/wp\/v2\/pages\/14"}],"collection":[{"href":"https:\/\/www.autismapunktsrezekne.lv\/lv\/wp-json\/wp\/v2\/pages"}],"about":[{"href":"https:\/\/www.autismapunktsrezekne.lv\/lv\/wp-json\/wp\/v2\/types\/page"}],"author":[{"embeddable":true,"href":"https:\/\/www.autismapunktsrezekne.lv\/lv\/wp-json\/wp\/v2\/users\/1"}],"replies":[{"embeddable":true,"href":"https:\/\/www.autismapunktsrezekne.lv\/lv\/wp-json\/wp\/v2\/comments?post=14"}],"version-history":[{"count":14,"href":"https:\/\/www.autismapunktsrezekne.lv\/lv\/wp-json\/wp\/v2\/pages\/14\/revisions"}],"predecessor-version":[{"id":786,"href":"https:\/\/www.autismapunktsrezekne.lv\/lv\/wp-json\/wp\/v2\/pages\/14\/revisions\/786"}],"wp:attachment":[{"href":"https:\/\/www.autismapunktsrezekne.lv\/lv\/wp-json\/wp\/v2\/media?parent=14"}],"curies":[{"name":"wp","href":"https:\/\/api.w.org\/{rel}","templated":true}]}}