{"id":16,"date":"2015-01-23T11:14:04","date_gmt":"2015-01-23T11:14:04","guid":{"rendered":"http:\/\/www.autismsrezekne.lv\/?page_id=16"},"modified":"2015-07-19T12:28:06","modified_gmt":"2015-07-19T10:28:06","slug":"par-mums","status":"publish","type":"page","link":"https:\/\/www.autismapunktsrezekne.lv\/lv\/par-mums\/","title":{"rendered":"Par mums"},"content":{"rendered":"<p>Visrieb\u012bg\u0101kais sabiedr\u012bb\u0101 &#8211; attieksme pret \u201ccit\u0101diem\u201d b\u0113rniem. Smeldze sird\u012b, t\u0101 ir c\u012b\u0146a par cit\u0101do b\u0113rnu, kur\u0161 at\u0161\u0137iras tikai ar funkciju trauc\u0113jumiem, kas nav redzami, tikai j\u016btami uzved\u012bb\u0101, saskarsm\u0113 un soci\u0101laj\u0101 telp\u0101, cilv\u0113ku nev\u0113l\u0113\u0161an\u0101s, nesp\u0113ja, nezi\u0146a, neieciet\u012bba, vienaldz\u012bba&#8230;&#8230;.<\/p>\n<p>Biedr\u012bba <strong>\u201eAutisma atbalsta punkts R\u0113zekn\u0113\u201d<\/strong> ir dibin\u0101ta <strong>2012.gada 27.febru\u0101r\u012b,<\/strong> <strong>R\u0113zekn\u0113<\/strong>. Biedr\u012bbas m\u0113r\u0137is ir <strong>personu ar autiska spektra trauc\u0113jumiem (turpm\u0101k &#8211; AST) intere\u0161u un ties\u012bbu aizsardz\u012bba. <\/strong><\/p>\n<p><strong>\u00a0<\/strong><\/p>\n<p>Latvij\u0101 ir \u013coti daudzas \u0123imenes, kur\u0101s ir b\u0113rni un jaunie\u0161i ar funkcion\u0101lajiem trauc\u0113jumiem. Vis\u0101m \u0161\u012bm \u0123imen\u0113m b\u016bt laim\u012bgiem noz\u012bm\u0113tu, ka vi\u0146u b\u0113rns izvese\u013cotos no smagas vai \u013caundab\u012bgas slim\u012bbas, bet \u0161im m\u0113r\u0137im \u0123imen\u0113m nav attiec\u012bgo finan\u0161u l\u012bdzek\u013cu.<\/p>\n<p>&nbsp;<\/p>\n<p>Biedr\u012bbas \u201eAutisma atbalsta punkts R\u0113zekn\u0113\u201d galvenie m\u0113r\u0137i <strong>ir apzin\u0101t un sniegt atbalstu vec\u0101kiem, kuriem ir b\u0113rni ar \u012bpa\u0161\u0101m vajadz\u012bb\u0101m (ar invalidit\u0101ti), veicin\u0101t b\u0113rnu inval\u012bdu ar autisk\u0101 spektra trauc\u0113jumiem fizisko un gar\u012bgo att\u012bst\u012bbu, piesaistot nepiecie\u0161amos speci\u0101listus, k\u0101 ar\u012b veicin\u0101t \u0161o b\u0113rnu piln\u012bgu integr\u0101ciju visp\u0101r\u0113j\u0101 izgl\u012bt\u012bbas sist\u0113m\u0101 un sabiedr\u012bb\u0101.<\/strong><\/p>\n<p>&nbsp;<\/p>\n<p>Biedr\u012bbas m\u0113r\u0137i ietver ar\u012b <strong>inform\u0101cijas apmai\u0146u starp l\u012bdz\u012bg\u0101m organiz\u0101cij\u0101m un sabiedr\u012bbas inform\u0113\u0161anas pas\u0101kumus.<\/strong><\/p>\n<p>&nbsp;<\/p>\n<p>Biedr\u012bbai ir <strong>sabiedriska labuma organiz\u0101cijas statuss<\/strong>.<!--more--><\/p>","protected":false},"excerpt":{"rendered":"<p>Visrieb\u012bg\u0101kais sabiedr\u012bb\u0101 &#8211; attieksme pret \u201ccit\u0101diem\u201d b\u0113rniem. Smeldze sird\u012b, t\u0101 ir c\u012b\u0146a par cit\u0101do b\u0113rnu, kur\u0161 at\u0161\u0137iras tikai ar funkciju trauc\u0113jumiem, kas nav redzami, tikai j\u016btami uzved\u012bb\u0101, saskarsm\u0113 un soci\u0101laj\u0101 telp\u0101, cilv\u0113ku nev\u0113l\u0113\u0161an\u0101s, nesp\u0113ja, nezi\u0146a, neieciet\u012bba, vienaldz\u012bba&#8230;&#8230;. Biedr\u012bba \u201eAutisma atbalsta punkts R\u0113zekn\u0113\u201d ir dibin\u0101ta 2012.gada 27.febru\u0101r\u012b, R\u0113zekn\u0113. Biedr\u012bbas m\u0113r\u0137is ir personu ar autiska spektra trauc\u0113jumiem [&hellip;]<\/p>\n","protected":false},"author":1,"featured_media":0,"parent":0,"menu_order":0,"comment_status":"closed","ping_status":"closed","template":"","meta":{"ngg_post_thumbnail":0,"_bbp_topic_count":0,"_bbp_reply_count":0,"_bbp_total_topic_count":0,"_bbp_total_reply_count":0,"_bbp_voice_count":0,"_bbp_anonymous_reply_count":0,"_bbp_topic_count_hidden":0,"_bbp_reply_count_hidden":0,"_bbp_forum_subforum_count":0},"_links":{"self":[{"href":"https:\/\/www.autismapunktsrezekne.lv\/lv\/wp-json\/wp\/v2\/pages\/16"}],"collection":[{"href":"https:\/\/www.autismapunktsrezekne.lv\/lv\/wp-json\/wp\/v2\/pages"}],"about":[{"href":"https:\/\/www.autismapunktsrezekne.lv\/lv\/wp-json\/wp\/v2\/types\/page"}],"author":[{"embeddable":true,"href":"https:\/\/www.autismapunktsrezekne.lv\/lv\/wp-json\/wp\/v2\/users\/1"}],"replies":[{"embeddable":true,"href":"https:\/\/www.autismapunktsrezekne.lv\/lv\/wp-json\/wp\/v2\/comments?post=16"}],"version-history":[{"count":12,"href":"https:\/\/www.autismapunktsrezekne.lv\/lv\/wp-json\/wp\/v2\/pages\/16\/revisions"}],"predecessor-version":[{"id":179,"href":"https:\/\/www.autismapunktsrezekne.lv\/lv\/wp-json\/wp\/v2\/pages\/16\/revisions\/179"}],"wp:attachment":[{"href":"https:\/\/www.autismapunktsrezekne.lv\/lv\/wp-json\/wp\/v2\/media?parent=16"}],"curies":[{"name":"wp","href":"https:\/\/api.w.org\/{rel}","templated":true}]}}