{"id":14,"date":"2015-01-23T11:12:53","date_gmt":"2015-01-23T11:12:53","guid":{"rendered":"http:\/\/www.autismsrezekne.lv\/?page_id=14"},"modified":"2015-07-19T12:50:58","modified_gmt":"2015-07-19T10:50:58","slug":"projekti","status":"publish","type":"page","link":"https:\/\/www.autismapunktsrezekne.lv\/ru\/projekti\/","title":{"rendered":"\u041f\u0440\u043e\u0435\u043a\u0442\u044b"},"content":{"rendered":"<p><strong>\u00a0<\/strong><strong>\u041d\u0410\u0428\u0418 \u0420\u0415\u0410\u041b\u0418\u0417\u041e\u0412\u0410\u041d\u041d\u042b\u0415 \u041f\u0420\u041e\u0415\u041a\u0422\u042b:<\/strong><\/p>\n<p>&nbsp;<\/p>\n<ul>\n<li>\u041e\u0431\u0449\u0435\u0441\u0442\u0432\u043e \u0441 \u044f\u043d\u0432\u0430\u0440\u044f 2012. \u0433\u043e\u0434\u0430 \u0434\u043e \u044f\u043d\u0432\u0430\u0440\u044f 2013. \u0433\u043e\u0434\u0430 \u043a\u0430\u043a \u043e\u0444\u0438\u0446\u0438\u0430\u043b\u044c\u043d\u044b\u0439 \u043f\u0430\u0440\u0442\u043d\u0435\u0440 \u043e\u0431\u0449\u0435\u0441\u0442\u0432\u0430 &#187; Biedr\u012bbas Latvijas Autisma apvien\u012bba&#187;, \u0443\u0447\u0430\u0441\u0442\u0432\u043e\u0432\u0430\u043b\u043e \u0432 \u043f\u0440\u043e\u0435\u043a\u0442\u0435 ESF &#187; Biedr\u012bbas Latvijas Autisma apvien\u012bba&#187;.<\/li>\n<\/ul>\n<p>&nbsp;<\/p>\n<ul>\n<li>\u0421 \u0438\u044e\u043d\u044f 2013. \u0433\u043e\u0434\u0430 \u0434\u043e \u043e\u043a\u0442\u044f\u0431\u0440\u044f, \u0432 \u043a\u0430\u0447\u0435\u0441\u0442\u0432\u0435 \u043e\u0444\u0438\u0446\u0438\u0430\u043b\u044c\u043d\u043e\u0433\u043e \u043f\u0430\u0440\u0442\u043d\u0435\u0440 \u043e\u0431\u0449\u0435\u0441\u0442\u0432\u0430 &#187; Biedr\u012bbas Latvijas Autisma apvien\u012bba &#187; \u0443\u0447\u0430\u0441\u0442\u0432\u043e\u0432\u0430\u043b\u0438 \u0432 \u0440\u0435\u0430\u043b\u0438\u0437\u0430\u0446\u0438\u0438 \u043f\u0440\u043e\u0435\u043a\u0442\u0430 &#187; B\u0113rna ar AST veiksm\u012bgas iek\u013cau\u0161anas so\u013ci sabiedr\u012bb\u0101&#187;.<\/li>\n<\/ul>\n<p>&nbsp;<\/p>\n<ul>\n<li>\u0421 28. \u0438\u044e\u043b\u044f 2014. \u0433\u043e\u0434\u0430 \u00a0\u0434\u043e 1. \u0430\u0432\u0433\u0443\u0441\u0442\u0430 2014. \u0433\u043e\u0434\u0430 \u043e\u0440\u0433\u0430\u043d\u0438\u0437\u043e\u0432\u0430\u043b\u0438 \u043b\u0435\u0442\u043d\u0438\u0439 \u0434\u043d\u0435\u0432\u043d\u043e\u0439 \u043b\u0430\u0433\u0435\u0440\u044c \u0434\u043b\u044f \u0434\u0435\u0442\u0435\u0439 \u0441 \u043e\u0441\u043e\u0431\u044b\u043c\u0438 \u043f\u043e\u0442\u0440\u0435\u0431\u043d\u043e\u0441\u0442\u044f\u043c\u0438 &#171;\u0426\u0435\u043b\u0438\u0442\u0435\u043b\u044c\u043d\u0430\u044f \u0441\u0438\u043b\u0430 \u043f\u0440\u0438\u0440\u043e\u0434\u044b.&#187;<\/li>\n<\/ul>\n<p>&nbsp;<\/p>\n<ul>\n<li>\u0421 1. \u0430\u043f\u0440\u0435\u043b\u044f 2014. \u0433\u043e\u0434\u0430 \u0434\u043e 30. \u0441\u0435\u043d\u0442\u044f\u0431\u0440\u044f 2014. \u0433\u043e\u0434\u0430 \u0440\u0435\u0430\u043b\u0438\u0437\u043e\u0432\u0430\u043b\u0438 \u0441\u043e\u0446\u0438\u0430\u043b\u044c\u043d\u0443\u044e \u043f\u043e\u0434\u0434\u0435\u0440\u0436\u043a\u0443 \u043f\u0440\u043e\u0435\u043a\u0442\u0430 &#171;\u0426\u0435\u043b\u0438\u0442\u0435\u043b\u044c\u043d\u0430\u044f \u0441\u0438\u043b\u0430 \u043f\u0440\u0438\u0440\u043e\u0434\u044b&#187; \u043f\u0440\u0438 \u043f\u043e\u0434\u0434\u0435\u0440\u0436\u043a\u0438 A\/S &#187; Latvijas valsts me\u017ei&#187; \u0432 2014. \u0433\u043e\u0434\u0443.<\/li>\n<\/ul>\n<p>&nbsp;<\/p>\n<ul>\n<li>\u0421 1. \u0441\u0435\u043d\u0442\u044f\u0431\u0440\u044f \u00a02014. \u0433\u043e\u0434\u0430 \u0434\u043e 31. \u043e\u043a\u0442\u044f\u0431\u0440\u044f 2014. \u0433\u043e\u0434\u0430 \u00a0\u0440\u0435\u0430\u043b\u0438\u0437\u043e\u0432\u0430\u043b\u0438 \u043f\u0440\u043e\u0435\u043a\u0442 &#187; \u041f\u0443\u0442\u0435\u0448\u0435\u0441\u0442\u0432\u0438\u0435 \u043f\u043e \u043e\u0441\u0435\u043d\u043d\u0435\u0439 \u041b\u0430\u0442\u0433\u0430\u043b\u0438\u0438 &#171;.<\/li>\n<\/ul>\n<p>&nbsp;<\/p>\n<ul>\n<li>28. \u043c\u0430\u0440\u0442\u0430 2015. \u0433\u043e\u0434\u0430 \u043e\u0440\u0433\u0430\u043d\u0438\u0437\u043e\u0432\u0430\u043d\u043d\u044b\u0439 \u043f\u0440\u043e\u0435\u043a\u0442 &#171;\u0412\u0435\u0441\u0435\u043d\u043d\u0438\u0435 \u043d\u0430\u0441\u0442\u0440\u043e\u0435\u043d\u0438\u0435 \u043d\u0430 \u043f\u0440\u0438\u0440\u043e\u0434\u0435&#187;.<\/li>\n<\/ul>\n<p><strong>\u00a0<\/strong><\/p>\n<p><strong>\u00a0<\/strong><\/p>","protected":false},"excerpt":{"rendered":"<p>\u00a0\u041d\u0410\u0428\u0418 \u0420\u0415\u0410\u041b\u0418\u0417\u041e\u0412\u0410\u041d\u041d\u042b\u0415 \u041f\u0420\u041e\u0415\u041a\u0422\u042b: &nbsp; \u041e\u0431\u0449\u0435\u0441\u0442\u0432\u043e \u0441 \u044f\u043d\u0432\u0430\u0440\u044f 2012. \u0433\u043e\u0434\u0430 \u0434\u043e \u044f\u043d\u0432\u0430\u0440\u044f 2013. \u0433\u043e\u0434\u0430 \u043a\u0430\u043a \u043e\u0444\u0438\u0446\u0438\u0430\u043b\u044c\u043d\u044b\u0439 \u043f\u0430\u0440\u0442\u043d\u0435\u0440 \u043e\u0431\u0449\u0435\u0441\u0442\u0432\u0430 &#187; Biedr\u012bbas Latvijas Autisma apvien\u012bba&#187;, \u0443\u0447\u0430\u0441\u0442\u0432\u043e\u0432\u0430\u043b\u043e \u0432 \u043f\u0440\u043e\u0435\u043a\u0442\u0435 ESF &#187; Biedr\u012bbas Latvijas Autisma apvien\u012bba&#187;. &nbsp; \u0421 \u0438\u044e\u043d\u044f 2013. \u0433\u043e\u0434\u0430 \u0434\u043e \u043e\u043a\u0442\u044f\u0431\u0440\u044f, \u0432 \u043a\u0430\u0447\u0435\u0441\u0442\u0432\u0435 \u043e\u0444\u0438\u0446\u0438\u0430\u043b\u044c\u043d\u043e\u0433\u043e \u043f\u0430\u0440\u0442\u043d\u0435\u0440 \u043e\u0431\u0449\u0435\u0441\u0442\u0432\u0430 &#187; Biedr\u012bbas Latvijas Autisma apvien\u012bba &#187; \u0443\u0447\u0430\u0441\u0442\u0432\u043e\u0432\u0430\u043b\u0438 \u0432 \u0440\u0435\u0430\u043b\u0438\u0437\u0430\u0446\u0438\u0438 \u043f\u0440\u043e\u0435\u043a\u0442\u0430 &#187; B\u0113rna [&hellip;]<\/p>\n","protected":false},"author":1,"featured_media":0,"parent":0,"menu_order":0,"comment_status":"closed","ping_status":"closed","template":"","meta":{"ngg_post_thumbnail":0,"_bbp_topic_count":0,"_bbp_reply_count":0,"_bbp_total_topic_count":0,"_bbp_total_reply_count":0,"_bbp_voice_count":0,"_bbp_anonymous_reply_count":0,"_bbp_topic_count_hidden":0,"_bbp_reply_count_hidden":0,"_bbp_forum_subforum_count":0},"_links":{"self":[{"href":"https:\/\/www.autismapunktsrezekne.lv\/ru\/wp-json\/wp\/v2\/pages\/14"}],"collection":[{"href":"https:\/\/www.autismapunktsrezekne.lv\/ru\/wp-json\/wp\/v2\/pages"}],"about":[{"href":"https:\/\/www.autismapunktsrezekne.lv\/ru\/wp-json\/wp\/v2\/types\/page"}],"author":[{"embeddable":true,"href":"https:\/\/www.autismapunktsrezekne.lv\/ru\/wp-json\/wp\/v2\/users\/1"}],"replies":[{"embeddable":true,"href":"https:\/\/www.autismapunktsrezekne.lv\/ru\/wp-json\/wp\/v2\/comments?post=14"}],"version-history":[{"count":14,"href":"https:\/\/www.autismapunktsrezekne.lv\/ru\/wp-json\/wp\/v2\/pages\/14\/revisions"}],"predecessor-version":[{"id":786,"href":"https:\/\/www.autismapunktsrezekne.lv\/ru\/wp-json\/wp\/v2\/pages\/14\/revisions\/786"}],"wp:attachment":[{"href":"https:\/\/www.autismapunktsrezekne.lv\/ru\/wp-json\/wp\/v2\/media?parent=14"}],"curies":[{"name":"wp","href":"https:\/\/api.w.org\/{rel}","templated":true}]}}