{"id":189,"date":"2015-04-09T13:25:27","date_gmt":"2015-04-09T11:25:27","guid":{"rendered":"http:\/\/aapr.ms-idi.eu\/?page_id=189"},"modified":"2019-08-08T11:16:13","modified_gmt":"2019-08-08T09:16:13","slug":"ziedotaji","status":"publish","type":"page","link":"https:\/\/www.autismapunktsrezekne.lv\/ru\/ziedotaji\/","title":{"rendered":"\u0414\u043b\u044f \u0431\u043b\u0430\u0433\u043e\u0434\u0435\u0442\u0435\u043b\u0435\u0439"},"content":{"rendered":"<p>\u0414\u043e\u0431\u0440\u044b\u0439 \u0434\u0435\u043d\u044c!<br \/>\n\u0415\u0449\u0435 \u0441 \u0441\u0430\u043c\u043e\u0433\u043e \u043d\u0430\u0447\u0430\u043b\u0430 \u043e\u0431\u0449\u0435\u0441\u0442\u0432\u043e \u00ab\u041f\u0443\u043d\u043a\u0442 \u043f\u043e\u0434\u0434\u0435\u0440\u0436\u043a\u0438 \u0430\u0443\u0442\u0438\u0437\u043c\u0430 \u0432 \u0420\u0435\u0437\u0435\u043a\u043d\u0435\u00bb \u043d\u0435 \u043e\u0440\u0433\u0430\u043d\u0438\u0437\u043e\u0432\u044b\u0432\u0430\u043b\u043e \u043a\u043e\u043d\u0444\u0435\u0440\u0435\u043d\u0446\u0438\u0439, \u0441\u0435\u043c\u0438\u043d\u0430\u0440\u043e\u0432, \u043b\u0435\u043a\u0446\u0438\u0439, \u0430 \u043f\u0440\u043e\u0432\u043e\u0434\u0438\u043b\u043e \u0440\u0435\u0430\u043b\u044c\u043d\u0443\u044e \u0438\u043d\u0434\u0438\u0432\u0438\u0434\u0443\u0430\u043b\u044c\u043d\u0443\u044e \u0440\u0430\u0431\u043e\u0442\u0443 \u0441 \u043a\u0430\u0436\u0434\u044b\u043c \u0440\u0435\u0431\u0435\u043d\u043e\u0447\u043a\u043e\u043c. \u0412\u0441\u0435 \u0441\u0440\u0435\u0434\u0441\u0442\u0432\u0430 \u0432 \u0440\u0430\u0441\u043f\u043e\u0440\u044f\u0436\u0435\u043d\u0438\u0438 \u043e\u0431\u0449\u0435\u0441\u0442\u0432\u0430 \u043d\u0430\u043f\u0440\u0430\u0432\u043b\u044f\u043b\u0438\u0441\u044c \u043d\u0430 \u043f\u0440\u0438\u0433\u043b\u0430\u0448\u0435\u043d\u0438\u0435 \u0441\u043f\u0435\u0446\u0438\u0430\u043b\u0438\u0441\u0442\u043e\u0432 \u0438 \u043e\u043f\u043b\u0430\u0442\u0443 \u0438\u0445 \u0442\u0440\u0443\u0434\u0430, \u0447\u0442\u043e\u0431\u044b \u043e\u0431\u0435\u0441\u043f\u0435\u0447\u0438\u0442\u044c \u044d\u0442\u0438\u043c \u0434\u0435\u0442\u044f\u043c \u043a\u0430\u0447\u0435\u0441\u0442\u0432\u0435\u043d\u043d\u044b\u0435 \u0411\u0415\u0421\u041f\u041b\u0410\u0422\u041d\u042b\u0415 \u0438\u043d\u0434\u0438\u0432\u0438\u0434\u0443\u0430\u043b\u044c\u043d\u044b\u0435 \u0437\u0430\u043d\u044f\u0442\u0438\u044f.<br \/>\n\u0421 \u043e\u043a\u0442\u044f\u0431\u0440\u044f 2015 \u0433\u043e\u0434\u0430 \u043f\u043e \u043c\u0430\u0439 2019 \u0445\u043e\u0442\u044f \u0431\u044b \u043e\u0434\u043d\u043e \u0437\u0430\u043d\u044f\u0442\u0438\u0435 \u0432 \u043d\u0430\u0448\u0435\u043c \u043a\u043b\u0430\u0441\u0441\u0435 \u043f\u043e\u0441\u0435\u0442\u0438\u043b\u043e 98 \u0434\u0435\u0442\u0435\u0439 \u0441 \u043e\u0441\u043e\u0431\u044b\u043c\u0438 \u043f\u043e\u0442\u0440\u0435\u0431\u043d\u043e\u0441\u0442\u044f\u043c\u0438, \u0432 \u0442\u043e\u043c \u0447\u0438\u0441\u043b\u0435 \u0438\u0437 \u0420\u0435\u0437\u0435\u043a\u043d\u0435\u043d\u0441\u043a\u043e\u0433\u043e, \u041b\u0443\u0434\u0437\u0435\u043d\u0441\u043a\u043e\u0433\u043e, \u0412\u0438\u043b\u044f\u043d\u0441\u043a\u043e\u0433\u043e, \u041a\u0430\u0440\u0441\u0430\u0432\u0441\u043a\u043e\u0433\u043e, \u041f\u0440\u0435\u0439\u043b\u044c\u0441\u043a\u043e\u0433\u043e, \u0414\u0430\u0443\u0433\u0430\u0432\u043f\u0438\u043b\u0441\u0441\u043a\u043e\u0433\u043e \u0438 \u0434\u0440\u0443\u0433\u0438\u0445 \u043a\u0440\u0430\u0435\u0432, \u0434\u0430\u0436\u0435 \u0438\u0437 \u0420\u0438\u0433\u0438 \u0438 \u041b\u0438\u0435\u043f\u0430\u0438, \u0438 \u043c\u044b \u0445\u043e\u0442\u0438\u043c \u043f\u0440\u043e\u0434\u043e\u043b\u0436\u0438\u0442\u044c \u044d\u0442\u0443 \u0440\u0430\u0431\u043e\u0442\u0443. \u0414\u043b\u044f \u043a\u0430\u0447\u0435\u0441\u0442\u0432\u0435\u043d\u043d\u043e\u0433\u043e \u043f\u0440\u043e\u0432\u0435\u0434\u0435\u043d\u0438\u044f \u043d\u0430\u0448\u0438\u0445 \u0437\u0430\u043d\u044f\u0442\u0438\u0439, \u0430 \u0442\u0430\u043a\u0436\u0435 \u0434\u043b\u044f \u0443\u043f\u043b\u0430\u0442\u044b \u0441\u043e\u043e\u0442\u0432\u0435\u0442\u0441\u0442\u0432\u0443\u044e\u0449\u0438\u0445 \u043d\u0430\u043b\u043e\u0433\u043e\u0432, \u0432 \u043c\u0435\u0441\u044f\u0446 \u043d\u0435\u043e\u0431\u0445\u043e\u0434\u0438\u043c\u043e 1500,00 \u0435\u0432\u0440\u043e. \u0418\u043d\u0444\u043e\u0440\u043c\u0430\u0446\u0438\u044f \u043e\u0431 \u043e\u0431\u0449\u0435\u0441\u0442\u0432\u0435 \u0434\u043e\u0441\u0442\u0443\u043f\u043d\u0430 \u0437\u0434\u0435\u0441\u044c: http:\/\/www.autismsrezekne.lv<br \/>\n\u041a\u0440\u043e\u043c\u0435 \u0442\u043e\u0433\u043e, \u043e\u0446\u0435\u043d\u0438\u0432 \u0442\u043e, \u0447\u0442\u043e \u0432 \u0442\u0435\u0447\u0435\u043d\u0438\u0435 \u044d\u0442\u0438\u0445 3 \u043b\u0435\u0442 \u0432 \u0441\u0430\u043d\u043a\u0442-\u043f\u0435\u0442\u0435\u0440\u0431\u0443\u0440\u0433\u0441\u043a\u043e\u0439 \u043a\u043b\u0438\u043d\u0438\u043a\u0435 \u0443\u0436\u0435 \u043f\u043e\u0431\u044b\u0432\u0430\u043b\u0438 22 \u0441\u0435\u043c\u044c\u0438, \u043e\u0442\u043f\u0440\u0430\u0432\u043b\u0435\u043d\u043d\u044b\u0435 \u043d\u0430\u0448\u0438\u043c \u043e\u0431\u0449\u0435\u0441\u0442\u0432\u043e\u043c, \u043a\u043b\u0438\u043d\u0438\u043a\u0430 \u00ab\u041f\u0440\u043e\u0433\u043d\u043e\u0437\u041c\u0435\u0434\u00bb \u0433\u043e\u0442\u043e\u0432\u0430 \u043f\u043e \u043e\u0447\u0435\u043d\u044c \u043d\u0438\u0437\u043a\u043e\u0439 \u0446\u0435\u043d\u0435 \u0441\u0434\u0430\u0432\u0430\u0442\u044c \u043d\u0430\u043c \u0432 \u0430\u0440\u0435\u043d\u0434\u0443 \u0430\u043f\u043f\u0430\u0440\u0430\u0442\u0443\u0440\u0443 \u0434\u043b\u044f \u043f\u0440\u043e\u0432\u0435\u0434\u0435\u043d\u0438\u044f \u043f\u0440\u043e\u0446\u0435\u0434\u0443\u0440 \u0411\u0410\u041a \u0438 \u0422\u041e\u041c\u0410\u0422\u0418\u0421 \u0437\u0434\u0435\u0441\u044c \u043d\u0430 \u043c\u0435\u0441\u0442\u0435 \u0432 \u0420\u0435\u0437\u0435\u043a\u043d\u0435, \u0432 \u0440\u0435\u0437\u0443\u043b\u044c\u0442\u0430\u0442\u0435 \u0447\u0435\u0433\u043e \u043c\u043d\u043e\u0433\u0438\u043c \u0441\u0435\u043c\u044c\u044f\u043c \u0431\u043e\u043b\u044c\u0448\u0435 \u043d\u0435 \u043f\u0440\u0438\u0434\u0435\u0442\u0441\u044f \u0435\u0437\u0434\u0438\u0442\u044c \u0432 \u0420\u043e\u0441\u0441\u0438\u044e, \u0430 \u043c\u043e\u0436\u043d\u043e \u0431\u0443\u0434\u0435\u0442 \u043f\u0440\u043e\u0439\u0442\u0438 \u044d\u0442\u0438 \u043f\u0440\u043e\u0446\u0435\u0434\u0443\u0440\u044b \u0437\u0434\u0435\u0441\u044c \u0432 \u0420\u0435\u0437\u0435\u043a\u043d\u0435, \u043a\u043e\u043d\u0435\u0447\u043d\u043e, \u0441\u043d\u0430\u0447\u0430\u043b\u0430 \u043f\u0440\u043e\u043a\u043e\u043d\u0441\u0443\u043b\u044c\u0442\u0438\u0440\u043e\u0432\u0430\u0432\u0448\u0438\u0441\u044c \u0441\u043e \u0441\u043f\u0435\u0446\u0438\u0430\u043b\u0438\u0441\u0442\u0430\u043c\u0438 \u043a\u043b\u0438\u043d\u0438\u043a\u0438.<br \/>\n\u041e\u0431\u0449\u0435\u0441\u0442\u0432\u043e \u0443\u0436\u0435 \u043e\u0442\u043f\u0440\u0430\u0432\u0438\u043b\u043e \u043d\u0430 \u043e\u0431\u0443\u0447\u0435\u043d\u0438\u0435 \u0432 \u044d\u0442\u0443 \u043a\u043b\u0438\u043d\u0438\u043a\u0443 \u0441\u0432\u043e\u0435\u0433\u043e \u0441\u043f\u0435\u0446\u0438\u0430\u043b\u0438\u0441\u0442\u0430, \u0438 \u0443\u0436\u0435 \u0441 \u0434\u0435\u043a\u0430\u0431\u0440\u044f \u0432 \u0420\u0435\u0437\u0435\u043a\u043d\u0435 \u0434\u043e\u0441\u0442\u0443\u043f\u043d\u0430 \u043f\u0440\u043e\u0446\u0435\u0434\u0443\u0440\u0430 \u0411\u0410\u041a. \u0412 \u0441\u043e\u0442\u0440\u0443\u0434\u043d\u0438\u0447\u0435\u0441\u0442\u0432\u0435 \u0441 \u0441\u0430\u043d\u043a\u0442-\u043f\u0435\u0442\u0435\u0440\u0431\u0443\u0440\u0433\u0441\u043a\u043e\u0439 \u043a\u043b\u0438\u043d\u0438\u043a\u043e\u0439 \u00ab\u041f\u0440\u043e\u0433\u043d\u043e\u0437\u041c\u0435\u0434\u00bb \u043e\u0431\u0449\u0435\u0441\u0442\u0432\u043e \u0430\u0440\u0435\u043d\u0434\u0443\u0435\u0442 \u0443 \u043a\u043b\u0438\u043d\u0438\u043a\u0438 \u0441\u043f\u0435\u0446\u0438\u0430\u043b\u044c\u043d\u0443\u044e \u0430\u043f\u043f\u0430\u0440\u0430\u0442\u0443\u0440\u0443, \u0447\u0442\u043e\u0431\u044b \u0437\u0434\u0435\u0441\u044c \u0432 \u0420\u0435\u0437\u0435\u043a\u043d\u0435 \u043c\u043e\u0436\u043d\u043e \u0431\u044b\u043b\u043e \u0431\u044b \u0443\u0441\u043f\u0435\u0448\u043d\u043e \u043f\u0440\u043e\u0432\u043e\u0434\u0438\u0442\u044c \u043f\u0440\u043e\u0446\u0435\u0434\u0443\u0440\u044b \u0411\u0410\u041a (\u0431\u0438\u043e\u0430\u043a\u0443\u0441\u0442\u0438\u0447\u0435\u0441\u043a\u043e\u0439 \u043a\u043e\u0440\u0440\u0435\u043a\u0446\u0438\u0438), \u0432 \u0440\u0435\u0437\u0443\u043b\u044c\u0442\u0430\u0442\u0435 \u0447\u0435\u0433\u043e \u043c\u043d\u043e\u0433\u0438\u043c \u0441\u0435\u043c\u044c\u044f\u043c \u043d\u0435 \u043d\u0443\u0436\u043d\u043e \u043b\u0438\u0448\u043d\u0438\u0439 \u0440\u0430\u0437 \u043f\u0440\u043e\u0434\u0435\u043b\u044b\u0432\u0430\u0442\u044c \u043f\u0443\u0442\u044c \u0432 \u0421\u0430\u043d\u043a\u0442-\u041f\u0435\u0442\u0435\u0440\u0431\u0443\u0440\u0433, \u0442\u0430\u043a\u0438\u043c \u043e\u0431\u0440\u0430\u0437\u043e\u043c \u044d\u043a\u043e\u043d\u043e\u043c\u044f \u043a\u0430\u043a \u0441\u0432\u043e\u0435 \u0432\u0440\u0435\u043c\u044f, \u0442\u0430\u043c \u0438 \u0444\u0438\u043d\u0430\u043d\u0441\u044b. \u0420\u0430\u0441\u0445\u043e\u0434\u044b \u043d\u0430 \u0430\u0440\u0435\u043d\u0434\u0443 \u0430\u043f\u043f\u0430\u0440\u0430\u0442\u0443\u0440\u044b \u0432 \u043c\u0435\u0441\u044f\u0446 \u0441\u043e\u0441\u0442\u0430\u0432\u043b\u044f\u044e\u0442 450,00 \u0435\u0432\u0440\u043e.<\/p>\n<p>\u0427\u0442\u043e\u0431\u044b \u043f\u0440\u043e\u0434\u043e\u043b\u0436\u0438\u0442\u044c \u044d\u0442\u043e\u0442 \u043f\u0440\u043e\u0446\u0435\u0441\u0441, \u0432 \u0440\u043e\u0441\u0441\u0438\u0439\u0441\u043a\u0443\u044e \u043a\u043b\u0438\u043d\u0438\u043a\u0443 \u043d\u0443\u0436\u043d\u043e \u043e\u0442\u043f\u0440\u0430\u0432\u0438\u0442\u044c \u0441\u043f\u0435\u0446\u0438\u0430\u043b\u0438\u0441\u0442\u0430, \u043a\u043e\u0442\u043e\u0440\u043e\u0433\u043e \u0442\u0430\u043c \u0441\u043f\u0435\u0446\u0438\u0430\u043b\u044c\u043d\u043e \u043e\u0431\u0443\u0447\u0430\u0442 \u0440\u0430\u0431\u043e\u0442\u0435 \u0441 \u043e\u0431\u043e\u0440\u0443\u0434\u043e\u0432\u0430\u043d\u0438\u0435\u043c \u0422\u041e\u041c\u0410\u0422\u0418\u0421. \u041e\u0431\u0443\u0447\u0435\u043d\u0438\u0435 \u0434\u043b\u0438\u0442\u0441\u044f 10 \u0434\u043d\u0435\u0439, \u043e\u0431\u0449\u0438\u0435 \u0440\u0430\u0441\u0445\u043e\u0434\u044b \u0437\u0430 \u043d\u0435\u0433\u043e \u043d\u0430 1 \u0447\u0435\u043b\u043e\u0432\u0435\u043a\u0430 \u0441\u043e\u0441\u0442\u0430\u0432\u043b\u044f\u044e\u0442 \u043e\u043a\u043e\u043b\u043e 2000,00 \u0435\u0432\u0440\u043e (\u0432\u043a\u043b\u044e\u0447\u0430\u044f \u043f\u0440\u043e\u0436\u0438\u0432\u0430\u043d\u0438\u0435, \u0442\u0440\u0430\u043d\u0441\u043f\u043e\u0440\u0442 \u0438 \u043e\u0431\u0443\u0447\u0435\u043d\u0438\u0435). <\/p>\n<p>\u041c\u044b \u043d\u0435 \u0445\u043e\u0442\u0438\u043c \u0434\u0435\u043b\u0430\u0442\u044c \u0431\u0438\u0437\u043d\u0435\u0441 \u0437\u0430 \u0441\u0447\u0435\u0442 \u044d\u0442\u0438\u0445 \u0434\u0435\u0442\u0435\u0439, \u043f\u043e\u044d\u0442\u043e\u043c\u0443 \u0438\u0449\u0435\u043c \u0441\u043f\u043e\u043d\u0441\u043e\u0440\u043e\u0432, \u043a\u043e\u0442\u043e\u0440\u044b\u0435 \u0441\u043c\u043e\u0433\u0443\u0442 \u043f\u043e\u043c\u043e\u0447\u044c \u043e\u0431\u0443\u0447\u0438\u0442\u044c \u0441\u043f\u0435\u0446\u0438\u0430\u043b\u0438\u0441\u0442\u043e\u0432, \u0447\u0442\u043e\u0431\u044b \u0442\u0435 \u043c\u043e\u0433\u043b\u0438 \u0437\u0430 \u0431\u043e\u043b\u0435\u0435 \u043d\u0438\u0437\u043a\u0443\u044e \u043e\u043f\u043b\u0430\u0442\u0443 \u043f\u0440\u0435\u0434\u043e\u0441\u0442\u0430\u0432\u043b\u044f\u0442\u044c \u044d\u0442\u0438 \u0443\u0441\u043b\u0443\u0433\u0438 \u0437\u0434\u0435\u0441\u044c \u0432 \u041b\u0430\u0442\u0432\u0438\u0438 \u0432 \u0440\u0430\u043c\u043a\u0430\u0445 \u043d\u0430\u0448\u0435\u0433\u043e \u043e\u0431\u0449\u0435\u0441\u0442\u0432\u0430 \u00ab\u041f\u0443\u043d\u043a\u0442 \u043f\u043e\u0434\u0434\u0435\u0440\u0436\u043a\u0438 \u0430\u0443\u0442\u0438\u0437\u043c\u0430 \u0432 \u0420\u0435\u0437\u0435\u043a\u043d\u0435\u00bb, \u0430 \u043d\u0435 \u0441\u043e\u0437\u0434\u0430\u0432\u0430\u044f \u0441\u0432\u043e\u044e \u0447\u0430\u0441\u0442\u043d\u0443\u044e \u043f\u0440\u0430\u043a\u0442\u0438\u043a\u0443. <\/p>\n<p>\u0415\u0441\u043b\u0438 \u0436\u0435\u043b\u0430\u0435\u0442\u0435 \u043f\u043e\u0434\u0434\u0435\u0440\u0436\u0430\u0442\u044c \u0440\u0430\u0431\u043e\u0442\u0443 \u043d\u0430\u0448\u0435\u0433\u043e \u043e\u0431\u0449\u0435\u0441\u0442\u0432\u0430 \u0438 \u0441\u0442\u0440\u0435\u043c\u043b\u0435\u043d\u0438\u0435 \u0443\u043b\u0443\u0447\u0448\u0438\u0442\u044c \u0436\u0438\u0437\u043d\u044c \u043b\u044e\u0434\u0435\u0439 \u0441 \u0440\u0430\u0441\u0441\u0442\u0440\u043e\u0439\u0441\u0442\u0432\u043e\u043c \u0430\u0443\u0442\u0438\u0441\u0442\u0438\u0447\u0435\u0441\u043a\u043e\u0433\u043e \u0441\u043f\u0435\u043a\u0442\u0440\u0430, \u043c\u044b \u0412\u0430\u0441 \u043f\u0440\u0438\u0433\u043b\u0430\u0448\u0430\u0435\u043c \u043f\u043e\u0434\u0434\u0435\u0440\u0436\u0430\u0442\u044c \u043e\u0431\u0449\u0435\u0441\u0442\u0432\u043e \u043f\u043e\u0436\u0435\u0440\u0442\u0432\u043e\u0432\u0430\u043d\u0438\u0435\u043c! \u041e\u0431\u0449\u0435\u0441\u0442\u0432\u043e \u0438\u043c\u0435\u0435\u0442 \u0441\u0442\u0430\u0442\u0443\u0441 \u043e\u0440\u0433\u0430\u043d\u0438\u0437\u0430\u0446\u0438\u0438 \u043e\u0431\u0449\u0435\u0441\u0442\u0432\u0435\u043d\u043d\u043e\u0439 \u043f\u043e\u043b\u044c\u0437\u044b, \u043f\u043e\u044d\u0442\u043e\u043c\u0443 \u0438 \u0412\u0430\u043c \u0431\u0443\u0434\u0443\u0442 \u043f\u043e\u043b\u0430\u0433\u0430\u0442\u044c\u0441\u044f \u043d\u0430\u043b\u043e\u0433\u043e\u0432\u044b\u0435 \u0441\u043a\u0438\u0434\u043a\u0438.<\/p>\n<p>\u041f\u0435\u0440\u0435\u0447\u0438\u0441\u043b\u0435\u043d\u0438\u0435 \u043c\u043e\u0436\u043d\u043e \u0441\u0434\u0435\u043b\u0430\u0442\u044c \u043d\u0430 \u0431\u0430\u043d\u043a\u043e\u0432\u0441\u043a\u0438\u0439 \u0441\u0447\u0435\u0442 \u0441 \u0443\u043a\u0430\u0437\u0430\u043d\u0438\u0435\u043c &#171;ziedojums&#187; (\u043f\u043e\u0436\u0435\u0440\u0442\u0432\u043e\u0432\u0430\u043d\u0438\u0435):<br \/>\n\u041d\u0430\u0437\u0432\u0430\u043d\u0438\u0435:\tBiedr\u012bba &#171;Autisma atbalsta punkts R\u0113zekn\u0113&#187;<br \/>\n\u0415\u0434\u0438\u043d\u044b\u0439 \u0440\u0435\u0433\u0438\u0441\u0442\u0440\u0430\u0446\u0438\u043e\u043d\u043d\u044b\u0439 \u043d\u043e\u043c\u0435\u0440\t40008190588<br \/>\n\u042e\u0440\u0438\u0434\u0438\u0447\u0435\u0441\u043a\u0438\u0439 \u0430\u0434\u0440\u0435\u0441\tKr.Valdem\u0101ra iela 4-70, R\u0113zekne, LV-4601<br \/>\n\u0420\u0435\u043a\u0432\u0438\u0437\u0438\u0442\u044b \u0431\u0430\u043d\u043a\u0430:<br \/>\n\u041d\u0430\u0437\u0432\u0430\u043d\u0438\u0435 \u0431\u0430\u043d\u043a\u0430\tAS SWEDBANK<br \/>\nSWIFT-\u043a\u043e\u0434 \u0431\u0430\u043d\u043a\u0430\tHABALV22<br \/>\nIBAN \u0441\u0447\u0435\u0442\u0430, \u043f\u0440\u0435\u0434\u043d\u0430\u0437\u043d\u0430\u0447\u0435\u043d\u043d\u043e\u0433\u043e \u0434\u043b\u044f \u043f\u0440\u043e\u0435\u043a\u0442\u0430\tLV09HABA0551034689577<br \/>\n\u041f\u043e\u043c\u043e\u0433\u0430\u044f \u0434\u0440\u0443\u0433\u0438\u043c, \u043f\u043e\u043c\u043e\u0433\u0430\u0435\u0448\u044c \u0441\u0435\u0431\u0435!<\/p>\n<p>&#8212;<br \/>\n\u0421 \u0443\u0432\u0430\u0436\u0435\u043d\u0438\u0435\u043c,<br \/>\n\u0447\u043b\u0435\u043d \u043f\u0440\u0430\u0432\u043b\u0435\u043d\u0438\u044f \u043e\u0431\u0449\u0435\u0441\u0442\u0432\u0430 \u00ab\u0426\u0435\u043d\u0442\u0440 \u043f\u043e\u0434\u0434\u0435\u0440\u0436\u043a\u0438 \u0430\u0443\u0442\u0438\u0437\u043c\u0430 \u0432 \u0420\u0435\u0437\u0435\u043a\u043d\u0435\u00bb<br \/>\n\u042d\u0434\u0433\u0430\u0440\u0441 \u0428\u0438\u043b\u0438\u043d\u0441 (Edgars \u0160ilins)<br \/>\nedavs@inbox.lv<br \/>\n\u0422\u0435\u043b. 26184413<br \/>\nwww.autismsrezekne.lv<\/p>\n<p>&nbsp;<\/p>\n<p>&nbsp;<\/p>\n<p>&nbsp;<\/p>\n<p>&nbsp;<\/p>\n<div><b>\u0410\u043d\u0430\u0441\u0442\u0430\u0441\u0438\u044f \u0411\u0443\u0440\u043e\u0432\u0430 (Anastasija Burova), 4 \u0433\u043e\u0434\u0430, \u0433. \u0420\u0435\u0437\u0435\u043a\u043d\u0435<\/b><\/div>\n<p>&nbsp;<br \/>\n<a href=\"http:\/\/www.autismsrezekne.lv\/wp-content\/uploads\/2015\/04\/anastasija_burova.jpg\"><img loading=\"lazy\" src=\"http:\/\/www.autismsrezekne.lv\/wp-content\/uploads\/2015\/04\/anastasija_burova-225x300.jpg\" alt=\"anastasija_burova\" width=\"225\" height=\"300\" class=\"alignnone size-medium wp-image-41629\" srcset=\"https:\/\/www.autismapunktsrezekne.lv\/wp-content\/uploads\/2015\/04\/anastasija_burova-225x300.jpg 225w, https:\/\/www.autismapunktsrezekne.lv\/wp-content\/uploads\/2015\/04\/anastasija_burova.jpg 450w\" sizes=\"(max-width: 225px) 100vw, 225px\" \/><\/a><\/p>\n<div>\u041d\u0435\u043e\u0431\u0445\u043e\u0434\u0438\u043c\u0430\u044f \u0441\u0443\u043c\u043c\u0430: 2748.33 EUR<\/div>\n<div>\u041f\u043e\u0436\u0435\u0440\u0442\u0432\u043e\u0432\u0430\u043d\u043e: 1680.00<\/div>\n<div>\u0421\u043f\u0438\u0441\u043e\u043a \u043f\u043e\u0436\u0435\u0440\u0442\u0432\u043e\u0432\u0430\u0432\u0448\u0438\u0445: Prikule Laura, Svetlana Nesterova, Roberts \u0160v\u0101nbergs, Tauri\u0146\u0161 Aivars, Velta Za\u013c\u016bksne, Vladimirs Ivanovs, Silvija Kuzmina, Svetlana Musatova, Kaspars Purvlicis<\/div>\n<p>&nbsp;<br \/>\n\u0410\u043d\u0430\u0441\u0442\u0430\u0441\u0438\u0438 \u043f\u043e\u0441\u0442\u0430\u0432\u043b\u0435\u043d \u0434\u0438\u0430\u0433\u043d\u043e\u0437 \u2013 \u0430\u043d\u0442\u0435\u043d\u0430\u0442\u0430\u043b\u044c\u043d\u043e\u0435 \u043f\u043e\u0432\u0440\u0435\u0436\u0434\u0435\u043d\u0438\u0435 \u0426\u041d\u0421. \u0414\u043e\u0441\u0442\u0438\u0433\u043d\u0443\u0432 \u0432\u043e\u0437\u0440\u0430\u0441\u0442\u0430 2,5 \u043b\u0435\u0442, \u0434\u0435\u0432\u043e\u0447\u043a\u0430 \u043d\u0430\u0447\u0430\u043b\u0430 \u0434\u0435\u043b\u0430\u0442\u044c \u043f\u0435\u0440\u0432\u044b\u0435 \u0448\u0430\u0433\u0438. \u0414\u0432\u0438\u0436\u0435\u043d\u0438\u044f \u0431\u044b\u043b\u0438 \u043d\u0435\u0441\u0442\u0430\u0431\u0438\u043b\u044c\u043d\u044b\u043c\u0438 \u0438 \u043d\u0430\u043f\u0440\u044f\u0436\u0435\u043d\u043d\u044b\u043c\u0438. \u041d\u0430 \u0434\u0430\u043d\u043d\u044b\u0439 \u043c\u043e\u043c\u0435\u043d\u0442 \u0410\u043d\u0430\u0441\u0442\u0430\u0441\u0438\u044f \u0432\u0441\u0435 \u0435\u0449\u0435 \u043d\u0435 \u0433\u043e\u0432\u043e\u0440\u0438\u0442, \u043d\u0435 \u043c\u043e\u0436\u0435\u0442 \u0432\u044b\u043f\u043e\u043b\u043d\u044f\u0442\u044c \u043f\u0440\u043e\u0441\u0442\u044b\u0435 \u043f\u0440\u043e\u0441\u044c\u0431\u044b, \u043d\u0435 \u043c\u043e\u0436\u0435\u0442 \u0434\u043e\u043b\u0433\u043e \u043a\u043e\u043d\u0446\u0435\u043d\u0442\u0440\u0438\u0440\u043e\u0432\u0430\u0442\u044c \u0432\u043d\u0438\u043c\u0430\u043d\u0438\u0435, \u0435\u0441\u0442\u044c \u043f\u0440\u043e\u0431\u043b\u0435\u043c\u044b \u0441 \u043a\u043e\u043c\u043c\u0443\u043d\u0438\u043a\u0430\u0446\u0438\u0435\u0439. \u0412\u0441\u0435 \u044d\u0442\u043e \u0432\u0440\u0435\u043c\u044f \u0434\u0435\u0432\u043e\u0447\u043a\u0430 \u043d\u0435\u043f\u0440\u0435\u0440\u044b\u0432\u043d\u043e \u043f\u0440\u043e\u0445\u043e\u0434\u0438\u043b\u0430 \u0440\u0435\u0430\u0431\u0438\u043b\u0438\u0442\u0430\u0446\u0438\u0438, \u043f\u043e\u0441\u0435\u0449\u0430\u043b\u0430 \u043b\u043e\u0433\u043e\u043f\u0435\u0434\u0430, \u0440\u0435\u0439\u0442\u0442\u0435\u0440\u0430\u043f\u0435\u0432\u0442\u0430, \u043f\u0440\u043e\u0445\u043e\u0434\u0438\u043b\u0430 \u0444\u0438\u0437\u0438\u043e\u0442\u0435\u0440\u0430\u043f\u0435\u0432\u0442\u0438\u0447\u0435\u0441\u043a\u0438\u0435 \u043f\u0440\u043e\u0446\u0435\u0434\u0443\u0440\u044b \u0438 \u0441\u0442\u0430\u0440\u0430\u0442\u0435\u043b\u044c\u043d\u043e \u0440\u0430\u0431\u043e\u0442\u0430\u043b\u0430 \u0434\u043e\u043c\u0430, \u043d\u043e \u0440\u0430\u0437\u0432\u0438\u0442\u0438\u0435 \u0440\u0435\u0431\u0435\u043d\u043a\u0430 \u043f\u0440\u043e\u0434\u0432\u0438\u0433\u0430\u043b\u043e\u0441\u044c \u043e\u0447\u0435\u043d\u044c \u043c\u0435\u0434\u043b\u0435\u043d\u043d\u043e. \u041d\u0430\u043a\u043e\u043d\u0435\u0446, \u0432\u0440\u0430\u0447\u0438 \u0432 \u043d\u0435\u0432\u0440\u043e\u043b\u043e\u0433\u0438\u0447\u0435\u0441\u043a\u043e\u043c \u0446\u0435\u043d\u0442\u0440\u0435 \u0421\u0430\u043d\u043a\u0442-\u041f\u0435\u0442\u0435\u0440\u0431\u0443\u0440\u0433\u0430 \u0434\u0430\u043b\u0438 \u043d\u0430\u0434\u0435\u0436\u0434\u0443, \u0447\u0442\u043e \u0410\u043d\u0430\u0441\u0442\u0430\u0441\u0438\u044f \u043c\u043e\u0436\u0435\u0442 \u0432\u044b\u043b\u0435\u0447\u0438\u0442\u044c\u0441\u044f, \u043d\u043e, \u0447\u0442\u043e\u0431\u044b \u044d\u0442\u043e \u0441\u043b\u0443\u0447\u0438\u043b\u043e\u0441\u044c, \u043d\u0430 \u043a\u0443\u0440\u0441 \u043f\u0440\u043e\u0446\u0435\u0434\u0443\u0440 \u043d\u0435\u043e\u0431\u0445\u043e\u0434\u0438\u043c\u044b \u0431\u043e\u043b\u044c\u0448\u0438\u0435 \u0444\u0438\u043d\u0430\u043d\u0441\u043e\u0432\u044b\u0435 \u0441\u0440\u0435\u0434\u0441\u0442\u0432\u0430.<\/p>\n<p><\/p>","protected":false},"excerpt":{"rendered":"<p>\u0414\u043e\u0431\u0440\u044b\u0439 \u0434\u0435\u043d\u044c! \u0415\u0449\u0435 \u0441 \u0441\u0430\u043c\u043e\u0433\u043e \u043d\u0430\u0447\u0430\u043b\u0430 \u043e\u0431\u0449\u0435\u0441\u0442\u0432\u043e \u00ab\u041f\u0443\u043d\u043a\u0442 \u043f\u043e\u0434\u0434\u0435\u0440\u0436\u043a\u0438 \u0430\u0443\u0442\u0438\u0437\u043c\u0430 \u0432 \u0420\u0435\u0437\u0435\u043a\u043d\u0435\u00bb \u043d\u0435 \u043e\u0440\u0433\u0430\u043d\u0438\u0437\u043e\u0432\u044b\u0432\u0430\u043b\u043e \u043a\u043e\u043d\u0444\u0435\u0440\u0435\u043d\u0446\u0438\u0439, \u0441\u0435\u043c\u0438\u043d\u0430\u0440\u043e\u0432, \u043b\u0435\u043a\u0446\u0438\u0439, \u0430 \u043f\u0440\u043e\u0432\u043e\u0434\u0438\u043b\u043e \u0440\u0435\u0430\u043b\u044c\u043d\u0443\u044e \u0438\u043d\u0434\u0438\u0432\u0438\u0434\u0443\u0430\u043b\u044c\u043d\u0443\u044e \u0440\u0430\u0431\u043e\u0442\u0443 \u0441 \u043a\u0430\u0436\u0434\u044b\u043c \u0440\u0435\u0431\u0435\u043d\u043e\u0447\u043a\u043e\u043c. \u0412\u0441\u0435 \u0441\u0440\u0435\u0434\u0441\u0442\u0432\u0430 \u0432 \u0440\u0430\u0441\u043f\u043e\u0440\u044f\u0436\u0435\u043d\u0438\u0438 \u043e\u0431\u0449\u0435\u0441\u0442\u0432\u0430 \u043d\u0430\u043f\u0440\u0430\u0432\u043b\u044f\u043b\u0438\u0441\u044c \u043d\u0430 \u043f\u0440\u0438\u0433\u043b\u0430\u0448\u0435\u043d\u0438\u0435 \u0441\u043f\u0435\u0446\u0438\u0430\u043b\u0438\u0441\u0442\u043e\u0432 \u0438 \u043e\u043f\u043b\u0430\u0442\u0443 \u0438\u0445 \u0442\u0440\u0443\u0434\u0430, \u0447\u0442\u043e\u0431\u044b \u043e\u0431\u0435\u0441\u043f\u0435\u0447\u0438\u0442\u044c \u044d\u0442\u0438\u043c \u0434\u0435\u0442\u044f\u043c \u043a\u0430\u0447\u0435\u0441\u0442\u0432\u0435\u043d\u043d\u044b\u0435 \u0411\u0415\u0421\u041f\u041b\u0410\u0422\u041d\u042b\u0415 \u0438\u043d\u0434\u0438\u0432\u0438\u0434\u0443\u0430\u043b\u044c\u043d\u044b\u0435 \u0437\u0430\u043d\u044f\u0442\u0438\u044f. \u0421 \u043e\u043a\u0442\u044f\u0431\u0440\u044f 2015 \u0433\u043e\u0434\u0430 \u043f\u043e \u043c\u0430\u0439 2019 \u0445\u043e\u0442\u044f \u0431\u044b [&hellip;]<\/p>\n","protected":false},"author":1,"featured_media":0,"parent":0,"menu_order":0,"comment_status":"closed","ping_status":"open","template":"","meta":{"ngg_post_thumbnail":0,"_bbp_topic_count":0,"_bbp_reply_count":0,"_bbp_total_topic_count":0,"_bbp_total_reply_count":0,"_bbp_voice_count":0,"_bbp_anonymous_reply_count":0,"_bbp_topic_count_hidden":0,"_bbp_reply_count_hidden":0,"_bbp_forum_subforum_count":0},"_links":{"self":[{"href":"https:\/\/www.autismapunktsrezekne.lv\/ru\/wp-json\/wp\/v2\/pages\/189"}],"collection":[{"href":"https:\/\/www.autismapunktsrezekne.lv\/ru\/wp-json\/wp\/v2\/pages"}],"about":[{"href":"https:\/\/www.autismapunktsrezekne.lv\/ru\/wp-json\/wp\/v2\/types\/page"}],"author":[{"embeddable":true,"href":"https:\/\/www.autismapunktsrezekne.lv\/ru\/wp-json\/wp\/v2\/users\/1"}],"replies":[{"embeddable":true,"href":"https:\/\/www.autismapunktsrezekne.lv\/ru\/wp-json\/wp\/v2\/comments?post=189"}],"version-history":[{"count":205,"href":"https:\/\/www.autismapunktsrezekne.lv\/ru\/wp-json\/wp\/v2\/pages\/189\/revisions"}],"predecessor-version":[{"id":72839,"href":"https:\/\/www.autismapunktsrezekne.lv\/ru\/wp-json\/wp\/v2\/pages\/189\/revisions\/72839"}],"wp:attachment":[{"href":"https:\/\/www.autismapunktsrezekne.lv\/ru\/wp-json\/wp\/v2\/media?parent=189"}],"curies":[{"name":"wp","href":"https:\/\/api.w.org\/{rel}","templated":true}]}}